{"id":68,"date":"2018-07-16T16:17:48","date_gmt":"2018-07-16T13:17:48","guid":{"rendered":"https:\/\/do.net.ua\/about\/"},"modified":"2025-07-21T17:09:48","modified_gmt":"2025-07-21T14:09:48","slug":"about","status":"publish","type":"page","link":"https:\/\/do.net.ua\/es\/about\/","title":{"rendered":"Sobre nosotros"},"content":{"rendered":"<div data-elementor-type=\"wp-post\" data-elementor-id=\"68\" class=\"elementor elementor-68\">\n\t\t\t\t<div class=\"aux-parallax-section elementor-element elementor-element-2b1f90f e-flex e-con-boxed e-con e-parent\" data-id=\"2b1f90f\" data-element_type=\"container\">\n\t\t\t\t\t<div class=\"e-con-inner\">\n\t\t<div class=\"elementor-element elementor-element-8848991 e-con-full e-flex e-con e-child\" data-id=\"8848991\" data-element_type=\"container\">\n\t\t\t\t<div class=\"elementor-element elementor-element-e2f3c28 aux-appear-watch-animation aux-fade-in-up elementor-widget elementor-widget-aux_modern_heading\" data-id=\"e2f3c28\" data-element_type=\"widget\" data-widget_type=\"aux_modern_heading.default\">\n\t\t\t\t<div class=\"elementor-widget-container\">\n\t\t\t\t\t<section class=\"aux-widget-modern-heading\">\n            <div class=\"aux-widget-inner\"><h2 class=\"aux-modern-heading-primary\">Sobre nosotros\n<\/h2><div class=\"aux-modern-heading-description\"><p>Somos un equipo de especialistas que ha creado FeedFusion, una plataforma moderna para la combinaci\u00f3n, transformaci\u00f3n y gesti\u00f3n autom\u00e1tica de feeds XML. Nuestro objetivo es ofrecer a las empresas una herramienta que simplifique las tareas t\u00e9cnicas relacionadas con la importaci\u00f3n, procesamiento y actualizaci\u00f3n de feeds de productos para marketplaces, sitios web y CRMs.<\/p><p>Con m\u00e1s de 10 a\u00f1os de experiencia en desarrollo web, entendemos bien las necesidades del negocio en l\u00ednea moderno. Por eso desarrollamos una soluci\u00f3n que permite:<\/p><p>\u00a0<\/p><blockquote><p>- combinar autom\u00e1ticamente varios feeds XML en una \u00fanica salida,<\/p><p>- eliminar o modificar etiquetas espec\u00edficas,<\/p><p>- adaptar el contenido o la estructura del feed seg\u00fan los requisitos de la plataforma,<\/p><p>- mantener los datos actualizados sin perder calidad ni precisi\u00f3n.<\/p><\/blockquote><p>\u00a0<\/p><p>Nuestros servicios ya son utilizados por agencias inmobiliarias, tiendas en l\u00ednea, proveedores de datos, expertos en SEO y especialistas en marketing para automatizar sus procesos.<\/p><p>Adem\u00e1s de FeedFusion, tambi\u00e9n ofrecemos servicios personalizados de desarrollo web de cualquier nivel de complejidad: desde sitios web simples hasta CRMs personalizados, plugins o scripts de integraci\u00f3n.<\/p><p><strong>FeedFusion es su socio confiable en la automatizaci\u00f3n de datos XML.<\/strong><\/p><\/div><\/div>\n        <\/section>\t\t\t\t<\/div>\n\t\t\t\t<\/div>\n\t\t\t\t<div class=\"elementor-element elementor-element-cc214b4 aux-appear-watch-animation aux-scale-down elementor-widget elementor-widget-aux_image\" data-id=\"cc214b4\" data-element_type=\"widget\" data-widget_type=\"aux_image.default\">\n\t\t\t\t<div class=\"elementor-widget-container\">\n\t\t\t\t\t<section class=\"widget-container aux-widget-image aux-alignnone aux-parent-au76570623\">\n    <div class=\"aux-media-hint-frame\">\n        <div class=\"aux-media-image\" >\n        \n            \n\n            \n            <img fetchpriority=\"high\" decoding=\"async\" width=\"800\" height=\"533\" src=\"data:image\/gif;base64,R0lGODlhAQABAIAAAAAAAP\/\/\/yH5BAEAAAAALAAAAAABAAEAAAIBRAA7\" class=\"aux-attachment aux-featured-image aux-attachment-id-673 aux-preload aux-blank\" alt=\"abut\" data-ratio=\"1.5\" data-original-w=\"1536\" sizes=\"auto\" data-srcset=\"https:\/\/do.net.ua\/wp-content\/uploads\/2025\/07\/abut-150x100.jpg 150w,https:\/\/do.net.ua\/wp-content\/uploads\/2025\/07\/abut-300x200.jpg 300w,https:\/\/do.net.ua\/wp-content\/uploads\/2025\/07\/abut-768x512.jpg 768w,https:\/\/do.net.ua\/wp-content\/uploads\/2025\/07\/abut-1024x682.jpg 1024w,https:\/\/do.net.ua\/wp-content\/uploads\/2025\/07\/abut-800x533.jpg 800w\" data-src=\"https:\/\/do.net.ua\/wp-content\/uploads\/2025\/07\/abut-800x533.jpg\" \/>            \n                <\/div>\n    <\/div>\n\n<\/section><!-- widget-container -->\t\t\t\t<\/div>\n\t\t\t\t<\/div>\n\t\t\t\t<\/div>\n\t\t\t\t\t<\/div>\n\t\t\t\t<\/div>\n\t\t\t\t<\/div>","protected":false},"excerpt":{"rendered":"<p>\u041f\u0440\u043e \u043d\u0430\u0441 \u041c\u0438 \u2014 \u043a\u043e\u043c\u0430\u043d\u0434\u0430 \u0444\u0430\u0445\u0456\u0432\u0446\u0456\u0432, \u044f\u043a\u0430 \u0441\u0442\u0432\u043e\u0440\u0438\u043b\u0430 FeedFusion \u2014 \u0441\u0443\u0447\u0430\u0441\u043d\u0443 \u0441\u0438\u0441\u0442\u0435\u043c\u0443 \u0434\u043b\u044f \u0430\u0432\u0442\u043e\u043c\u0430\u0442\u0438\u0447\u043d\u043e\u0433\u043e \u043e\u0431\u2019\u0454\u0434\u043d\u0430\u043d\u043d\u044f, \u0442\u0440\u0430\u043d\u0441\u0444\u043e\u0440\u043c\u0430\u0446\u0456\u0457 \u0442\u0430 \u043a\u0435\u0440\u0443\u0432\u0430\u043d\u043d\u044f XML-\u0444\u0456\u0434\u0430\u043c\u0438. \u041d\u0430\u0448\u0430 \u043c\u0435\u0442\u0430 \u2014 \u043d\u0430\u0434\u0430\u0442\u0438 \u0431\u0456\u0437\u043d\u0435\u0441\u0430\u043c \u0456\u043d\u0441\u0442\u0440\u0443\u043c\u0435\u043d\u0442, \u044f\u043a\u0438\u0439 \u0441\u043f\u0440\u043e\u0449\u0443\u0454 \u0442\u0435\u0445\u043d\u0456\u0447\u043d\u0456 \u0437\u0430\u0432\u0434\u0430\u043d\u043d\u044f, \u043f\u043e\u0432\u2019\u044f\u0437\u0430\u043d\u0456 \u0437 \u0456\u043c\u043f\u043e\u0440\u0442\u043e\u043c, \u043e\u0431\u0440\u043e\u0431\u043a\u043e\u044e \u0442\u0430 \u043e\u043d\u043e\u0432\u043b\u0435\u043d\u043d\u044f\u043c \u0442\u043e\u0432\u0430\u0440\u043d\u0438\u0445 \u0444\u0456\u0434\u0456\u0432 \u0434\u043b\u044f \u043c\u0430\u0440\u043a\u0435\u0442\u043f\u043b\u0435\u0439\u0441\u0456\u0432, \u0441\u0430\u0439\u0442\u0456\u0432 \u0456 CRM. \u041c\u0438 \u043f\u0440\u0430\u0446\u044e\u0454\u043c\u043e \u0432 \u0433\u0430\u043b\u0443\u0437\u0456 \u0432\u0435\u0431\u0440\u043e\u0437\u0440\u043e\u0431\u043a\u0438 \u043f\u043e\u043d\u0430\u0434 10 \u0440\u043e\u043a\u0456\u0432 \u0442\u0430 \u0434\u043e\u0431\u0440\u0435 \u0440\u043e\u0437\u0443\u043c\u0456\u0454\u043c\u043e \u043f\u043e\u0442\u0440\u0435\u0431\u0438 \u0441\u0443\u0447\u0430\u0441\u043d\u043e\u0433\u043e [&hellip;]<\/p>","protected":false},"author":1,"featured_media":0,"parent":0,"menu_order":0,"comment_status":"closed","ping_status":"closed","template":"templates\/page-builder-content.php","meta":{"footnotes":""},"class_list":["post-68","page","type-page","status-publish","hentry"],"_links":{"self":[{"href":"https:\/\/do.net.ua\/es\/wp-json\/wp\/v2\/pages\/68","targetHints":{"allow":["GET"]}}],"collection":[{"href":"https:\/\/do.net.ua\/es\/wp-json\/wp\/v2\/pages"}],"about":[{"href":"https:\/\/do.net.ua\/es\/wp-json\/wp\/v2\/types\/page"}],"author":[{"embeddable":true,"href":"https:\/\/do.net.ua\/es\/wp-json\/wp\/v2\/users\/1"}],"replies":[{"embeddable":true,"href":"https:\/\/do.net.ua\/es\/wp-json\/wp\/v2\/comments?post=68"}],"version-history":[{"count":14,"href":"https:\/\/do.net.ua\/es\/wp-json\/wp\/v2\/pages\/68\/revisions"}],"predecessor-version":[{"id":676,"href":"https:\/\/do.net.ua\/es\/wp-json\/wp\/v2\/pages\/68\/revisions\/676"}],"wp:attachment":[{"href":"https:\/\/do.net.ua\/es\/wp-json\/wp\/v2\/media?parent=68"}],"curies":[{"name":"wp","href":"https:\/\/api.w.org\/{rel}","templated":true}]}}