{"id":587,"date":"2025-07-17T23:00:42","date_gmt":"2025-07-17T20:00:42","guid":{"rendered":"https:\/\/do.net.ua\/?page_id=587"},"modified":"2025-07-18T09:43:58","modified_gmt":"2025-07-18T06:43:58","slug":"public-offer","status":"publish","type":"page","link":"https:\/\/do.net.ua\/es\/public-offer\/","title":{"rendered":"Oferta p\u00fablica"},"content":{"rendered":"<div data-elementor-type=\"wp-page\" data-elementor-id=\"587\" class=\"elementor elementor-587\">\n\t\t\t\t<div class=\"aux-parallax-section elementor-element elementor-element-4fe98b5 e-con-full e-flex e-con e-parent\" data-id=\"4fe98b5\" data-element_type=\"container\">\n\t\t<div class=\"elementor-element elementor-element-a66d562 e-con-full e-flex e-con e-child\" data-id=\"a66d562\" data-element_type=\"container\">\n\t\t<div class=\"elementor-element elementor-element-555c297 e-con-full e-flex e-con e-child\" data-id=\"555c297\" data-element_type=\"container\">\n\t\t\t\t<div class=\"elementor-element elementor-element-88a478f aux-appear-watch-animation aux-fade-in-up elementor-widget elementor-widget-aux_modern_heading\" data-id=\"88a478f\" data-element_type=\"widget\" data-widget_type=\"aux_modern_heading.default\">\n\t\t\t\t<div class=\"elementor-widget-container\">\n\t\t\t\t\t<section class=\"aux-widget-modern-heading\">\n            <div class=\"aux-widget-inner\"><h2 class=\"aux-modern-heading-primary\">Oferta p\u00fablica\n<\/h2><div class=\"aux-modern-heading-description\"><p>Este documento constituye una oferta p\u00fablica conforme a la legislaci\u00f3n vigente de Ucrania y la Uni\u00f3n Europea.<\/p><p>Al solicitar servicios o comprar el script, usted confirma que ha le\u00eddo y acepta los t\u00e9rminos de esta oferta.<\/p><p>1. Todos los servicios se proporcionan \"tal como est\u00e1n\" (as is), sin garant\u00edas de ning\u00fan tipo.<br \/>2. El comprador asume toda la responsabilidad por la configuraci\u00f3n, implementaci\u00f3n y uso del script o plataforma.<br \/>3. El vendedor no se hace responsable de:<\/p><blockquote><p>- p\u00e9rdidas directas o indirectas;<br \/>- fallos t\u00e9cnicos o errores;<br \/>- expectativas no cumplidas del comprador;<br \/>- consecuencias de la integraci\u00f3n con sistemas de terceros.<\/p><\/blockquote><p>4. Antes de la compra, el comprador debe verificar por su cuenta que el producto o servicio cumple con sus requisitos t\u00e9cnicos, comerciales y legales.<br \/>5. Se ofrece acceso gratuito de prueba para explorar todas las funcionalidades de la plataforma.<br \/>6. En la p\u00e1gina principal del sitio web se encuentra disponible un video demostrativo del funcionamiento del panel de control, que permite conocer el sistema antes de realizar una compra.<\/p><\/div><\/div>\n        <\/section>\t\t\t\t<\/div>\n\t\t\t\t<\/div>\n\t\t\t\t<\/div>\n\t\t\t\t<\/div>\n\t\t\t\t<\/div>\n\t\t\t\t<\/div>","protected":false},"excerpt":{"rendered":"<p>\u041f\u0443\u0431\u043b\u0456\u0447\u043d\u0430 \u043e\u0444\u0435\u0440\u0442\u0430 \u0426\u0435\u0439 \u0434\u043e\u043a\u0443\u043c\u0435\u043d\u0442 \u0454 \u043f\u0443\u0431\u043b\u0456\u0447\u043d\u043e\u044e \u043e\u0444\u0435\u0440\u0442\u043e\u044e \u0432\u0456\u0434\u043f\u043e\u0432\u0456\u0434\u043d\u043e \u0434\u043e \u0447\u0438\u043d\u043d\u043e\u0433\u043e \u0437\u0430\u043a\u043e\u043d\u043e\u0434\u0430\u0432\u0441\u0442\u0432\u0430 \u0423\u043a\u0440\u0430\u0457\u043d\u0438 \u0442\u0430 \u0404\u0432\u0440\u043e\u043f\u0435\u0439\u0441\u044c\u043a\u043e\u0433\u043e \u0421\u043e\u044e\u0437\u0443. \u0417\u0430\u043c\u043e\u0432\u043b\u044f\u044e\u0447\u0438 \u043f\u043e\u0441\u043b\u0443\u0433\u0438 \u0430\u0431\u043e \u043a\u0443\u043f\u0443\u044e\u0447\u0438 \u0441\u043a\u0440\u0438\u043f\u0442, \u0432\u0438 \u043f\u0456\u0434\u0442\u0432\u0435\u0440\u0434\u0436\u0443\u0454\u0442\u0435, \u0449\u043e \u043e\u0437\u043d\u0430\u0439\u043e\u043c\u043b\u0435\u043d\u0456 \u0442\u0430 \u043f\u043e\u0433\u043e\u0434\u0436\u0443\u0454\u0442\u0435\u0441\u044c \u0437 \u0443\u043c\u043e\u0432\u0430\u043c\u0438 \u0446\u0456\u0454\u0457 \u043e\u0444\u0435\u0440\u0442\u0438. 1. \u0423\u0441\u0456 \u043f\u043e\u0441\u043b\u0443\u0433\u0438 \u043d\u0430\u0434\u0430\u044e\u0442\u044c\u0441\u044f \u00ab\u044f\u043a \u0454\u00bb (as is), \u0431\u0435\u0437 \u0431\u0443\u0434\u044c-\u044f\u043a\u0438\u0445 \u0433\u0430\u0440\u0430\u043d\u0442\u0456\u0439.2. \u041f\u043e\u043a\u0443\u043f\u0435\u0446\u044c \u043d\u0435\u0441\u0435 \u043f\u043e\u0432\u043d\u0443 \u0432\u0456\u0434\u043f\u043e\u0432\u0456\u0434\u0430\u043b\u044c\u043d\u0456\u0441\u0442\u044c \u0437\u0430 \u043d\u0430\u043b\u0430\u0448\u0442\u0443\u0432\u0430\u043d\u043d\u044f, \u0432\u043f\u0440\u043e\u0432\u0430\u0434\u0436\u0435\u043d\u043d\u044f \u0442\u0430 \u0432\u0438\u043a\u043e\u0440\u0438\u0441\u0442\u0430\u043d\u043d\u044f \u0441\u043a\u0440\u0438\u043f\u0442\u0430 \u0430\u0431\u043e \u043f\u043b\u0430\u0442\u0444\u043e\u0440\u043c\u0438.3. \u041f\u0440\u043e\u0434\u0430\u0432\u0435\u0446\u044c \u043d\u0435 [&hellip;]<\/p>","protected":false},"author":1,"featured_media":0,"parent":0,"menu_order":0,"comment_status":"closed","ping_status":"closed","template":"templates\/page-builder-content.php","meta":{"footnotes":""},"class_list":["post-587","page","type-page","status-publish","hentry"],"_links":{"self":[{"href":"https:\/\/do.net.ua\/es\/wp-json\/wp\/v2\/pages\/587","targetHints":{"allow":["GET"]}}],"collection":[{"href":"https:\/\/do.net.ua\/es\/wp-json\/wp\/v2\/pages"}],"about":[{"href":"https:\/\/do.net.ua\/es\/wp-json\/wp\/v2\/types\/page"}],"author":[{"embeddable":true,"href":"https:\/\/do.net.ua\/es\/wp-json\/wp\/v2\/users\/1"}],"replies":[{"embeddable":true,"href":"https:\/\/do.net.ua\/es\/wp-json\/wp\/v2\/comments?post=587"}],"version-history":[{"count":22,"href":"https:\/\/do.net.ua\/es\/wp-json\/wp\/v2\/pages\/587\/revisions"}],"predecessor-version":[{"id":631,"href":"https:\/\/do.net.ua\/es\/wp-json\/wp\/v2\/pages\/587\/revisions\/631"}],"wp:attachment":[{"href":"https:\/\/do.net.ua\/es\/wp-json\/wp\/v2\/media?parent=587"}],"curies":[{"name":"wp","href":"https:\/\/api.w.org\/{rel}","templated":true}]}}