{"id":562,"date":"2025-07-17T17:30:02","date_gmt":"2025-07-17T14:30:02","guid":{"rendered":"https:\/\/do.net.ua\/?page_id=562"},"modified":"2025-07-18T09:45:24","modified_gmt":"2025-07-18T06:45:24","slug":"refund-policy","status":"publish","type":"page","link":"https:\/\/do.net.ua\/es\/refund-policy\/","title":{"rendered":"Pol\u00edtica de reembolsos"},"content":{"rendered":"<div data-elementor-type=\"wp-page\" data-elementor-id=\"562\" class=\"elementor elementor-562\">\n\t\t\t\t<div class=\"aux-parallax-section elementor-element elementor-element-5e85599 e-con-full e-flex e-con e-parent\" data-id=\"5e85599\" data-element_type=\"container\">\n\t\t<div class=\"elementor-element elementor-element-1330201 e-con-full e-flex e-con e-child\" data-id=\"1330201\" data-element_type=\"container\">\n\t\t<div class=\"elementor-element elementor-element-294138c e-con-full e-flex e-con e-child\" data-id=\"294138c\" data-element_type=\"container\">\n\t\t\t\t<div class=\"elementor-element elementor-element-cc2ef7e aux-appear-watch-animation aux-fade-in-up elementor-widget elementor-widget-aux_modern_heading\" data-id=\"cc2ef7e\" data-element_type=\"widget\" data-widget_type=\"aux_modern_heading.default\">\n\t\t\t\t<div class=\"elementor-widget-container\">\n\t\t\t\t\t<section class=\"aux-widget-modern-heading\">\n            <div class=\"aux-widget-inner\"><h2 class=\"aux-modern-heading-primary\">Pol\u00edtica de reembolsos\n<\/h2><div class=\"aux-modern-heading-description\"><p>1. No derecho de desistimiento para contenido digital<\/p><blockquote><p><br \/>De acuerdo con la Ley de Protecci\u00f3n al Consumidor de Ucrania y la Directiva 2011\/83\/UE, el consumidor pierde el derecho de desistimiento del contrato de contenido digital una vez que comienza su ejecuci\u00f3n, si previamente ha dado su consentimiento expreso y ha reconocido la p\u00e9rdida de dicho derecho.<\/p><\/blockquote><p>2. Scripts digitales<\/p><blockquote><p><br \/>Los scripts adquiridos son archivos digitales que no se pueden devolver ni cambiar una vez realizado el pago y otorgado el acceso.<\/p><\/blockquote><p>3. Servicios de procesamiento de datos XML<\/p><blockquote><p><br \/>Son servicios digitales prestados autom\u00e1ticamente despu\u00e9s del pago. No se pueden cancelar ni reembolsar despu\u00e9s de su ejecuci\u00f3n.<\/p><\/blockquote><p>4. Finalidad de los pagos<\/p><p>Todos los pagos son definitivos. Al realizar un pedido, usted:<\/p><blockquote><p><br \/>\u2013 da su consentimiento expreso para la entrega inmediata del contenido o servicio,<br \/>\u2013 reconoce la p\u00e9rdida del derecho de desistimiento una vez iniciada la ejecuci\u00f3n,<br \/>\u2013 acepta la naturaleza no reembolsable de la transacci\u00f3n.<\/p><\/blockquote><\/div><\/div>\n        <\/section>\t\t\t\t<\/div>\n\t\t\t\t<\/div>\n\t\t\t\t<\/div>\n\t\t\t\t<\/div>\n\t\t\t\t<\/div>\n\t\t\t\t<\/div>","protected":false},"excerpt":{"rendered":"<p>\u041f\u043e\u043b\u0456\u0442\u0438\u043a\u0430 \u043f\u043e\u0432\u0435\u0440\u043d\u0435\u043d\u043d\u044f \u043a\u043e\u0448\u0442\u0456\u0432 1. \u0412\u0456\u0434\u0441\u0443\u0442\u043d\u0456\u0441\u0442\u044c \u043f\u0440\u0430\u0432\u0430 \u043d\u0430 \u043f\u043e\u0432\u0435\u0440\u043d\u0435\u043d\u043d\u044f \u0446\u0438\u0444\u0440\u043e\u0432\u0438\u0445 \u0442\u043e\u0432\u0430\u0440\u0456\u0432 \u0417\u0433\u0456\u0434\u043d\u043e \u0437 \u0447\u0438\u043d\u043d\u0438\u043c \u0437\u0430\u043a\u043e\u043d\u043e\u0434\u0430\u0432\u0441\u0442\u0432\u043e\u043c \u0423\u043a\u0440\u0430\u0457\u043d\u0438 (\u0441\u0442. 9 \u0417\u0430\u043a\u043e\u043d\u0443 \u0423\u043a\u0440\u0430\u0457\u043d\u0438 \u00ab\u041f\u0440\u043e \u0437\u0430\u0445\u0438\u0441\u0442 \u043f\u0440\u0430\u0432 \u0441\u043f\u043e\u0436\u0438\u0432\u0430\u0447\u0456\u0432\u00bb) \u0442\u0430 \u0414\u0438\u0440\u0435\u043a\u0442\u0438\u0432\u043e\u044e 2011\/83\/EU \u0404\u0432\u0440\u043e\u043f\u0435\u0439\u0441\u044c\u043a\u043e\u0433\u043e \u041f\u0430\u0440\u043b\u0430\u043c\u0435\u043d\u0442\u0443, \u043f\u043e\u043a\u0443\u043f\u0435\u0446\u044c \u0432\u0442\u0440\u0430\u0447\u0430\u0454 \u043f\u0440\u0430\u0432\u043e \u043d\u0430 \u0432\u0456\u0434\u043c\u043e\u0432\u0443 \u0432\u0456\u0434 \u0446\u0438\u0444\u0440\u043e\u0432\u043e\u0433\u043e \u0442\u043e\u0432\u0430\u0440\u0443 \u0430\u0431\u043e \u043f\u043e\u0441\u043b\u0443\u0433\u0438 \u043f\u0456\u0441\u043b\u044f \u043f\u043e\u0447\u0430\u0442\u043a\u0443 \u0457\u0457 \u0432\u0438\u043a\u043e\u043d\u0430\u043d\u043d\u044f \u0430\u0431\u043e \u0437\u0430\u0432\u0430\u043d\u0442\u0430\u0436\u0435\u043d\u043d\u044f, \u044f\u043a\u0449\u043e \u0432\u0456\u043d \u0434\u0430\u0432 \u043d\u0430 \u0446\u0435 \u044f\u0432\u043d\u0443 \u0437\u0433\u043e\u0434\u0443 \u0442\u0430 \u0432\u0438\u0437\u043d\u0430\u0432 \u0432\u0442\u0440\u0430\u0442\u0443 \u043f\u0440\u0430\u0432\u0430 [&hellip;]<\/p>","protected":false},"author":1,"featured_media":0,"parent":0,"menu_order":0,"comment_status":"closed","ping_status":"closed","template":"templates\/page-builder-content.php","meta":{"footnotes":""},"class_list":["post-562","page","type-page","status-publish","hentry"],"_links":{"self":[{"href":"https:\/\/do.net.ua\/es\/wp-json\/wp\/v2\/pages\/562","targetHints":{"allow":["GET"]}}],"collection":[{"href":"https:\/\/do.net.ua\/es\/wp-json\/wp\/v2\/pages"}],"about":[{"href":"https:\/\/do.net.ua\/es\/wp-json\/wp\/v2\/types\/page"}],"author":[{"embeddable":true,"href":"https:\/\/do.net.ua\/es\/wp-json\/wp\/v2\/users\/1"}],"replies":[{"embeddable":true,"href":"https:\/\/do.net.ua\/es\/wp-json\/wp\/v2\/comments?post=562"}],"version-history":[{"count":16,"href":"https:\/\/do.net.ua\/es\/wp-json\/wp\/v2\/pages\/562\/revisions"}],"predecessor-version":[{"id":634,"href":"https:\/\/do.net.ua\/es\/wp-json\/wp\/v2\/pages\/562\/revisions\/634"}],"wp:attachment":[{"href":"https:\/\/do.net.ua\/es\/wp-json\/wp\/v2\/media?parent=562"}],"curies":[{"name":"wp","href":"https:\/\/api.w.org\/{rel}","templated":true}]}}