{"id":521,"date":"2025-07-17T13:08:27","date_gmt":"2025-07-17T10:08:27","guid":{"rendered":"https:\/\/do.net.ua\/?page_id=521"},"modified":"2025-07-18T09:47:30","modified_gmt":"2025-07-18T06:47:30","slug":"privacy-policy","status":"publish","type":"page","link":"https:\/\/do.net.ua\/es\/privacy-policy\/","title":{"rendered":"Pol\u00edtica de Privacidad"},"content":{"rendered":"<div data-elementor-type=\"wp-page\" data-elementor-id=\"521\" class=\"elementor elementor-521\">\n\t\t\t\t<div class=\"aux-parallax-section elementor-element elementor-element-218c85a e-con-full e-flex e-con e-parent\" data-id=\"218c85a\" data-element_type=\"container\">\n\t\t<div class=\"elementor-element elementor-element-e731ec7 e-con-full e-flex e-con e-child\" data-id=\"e731ec7\" data-element_type=\"container\">\n\t\t<div class=\"elementor-element elementor-element-432f677 e-con-full e-flex e-con e-child\" data-id=\"432f677\" data-element_type=\"container\">\n\t\t\t\t<div class=\"elementor-element elementor-element-d878ccf aux-appear-watch-animation aux-fade-in-up elementor-widget elementor-widget-aux_modern_heading\" data-id=\"d878ccf\" data-element_type=\"widget\" data-widget_type=\"aux_modern_heading.default\">\n\t\t\t\t<div class=\"elementor-widget-container\">\n\t\t\t\t\t<section class=\"aux-widget-modern-heading\">\n            <div class=\"aux-widget-inner\"><h2 class=\"aux-modern-heading-primary\">Pol\u00edtica de Privacidad\n<\/h2><div class=\"aux-modern-heading-description\"><p style=\"text-align: left\">Esta Pol\u00edtica de Privacidad describe c\u00f3mo recopilamos, utilizamos y protegemos los datos personales cuando accede a nuestro sitio web https:\/\/do.net.ua (en adelante, el \u201cSitio\u201d) y utiliza nuestros servicios digitales y productos.<\/p><p style=\"text-align: left\">1. Informaci\u00f3n que recopilamos<br \/>Podemos recopilar:<\/p><blockquote><p>- Nombre y apellido (si se proporciona en el pedido)<br \/>- Correo electr\u00f3nico<br \/>- N\u00famero de tel\u00e9fono (opcional)<br \/>- Direcci\u00f3n IP, navegador y datos del dispositivo<br \/>- Detalles del pedido (tipo de servicio, monto, fecha)<br \/>- Registros t\u00e9cnicos (para prevenci\u00f3n de fraude)<\/p><\/blockquote><p style=\"text-align: left\">2. Finalidad del tratamiento<br \/>Usamos los datos para:<\/p><blockquote><p>- Procesar pedidos y pagos;<br \/>- Proporcionar soporte;<br \/>- An\u00e1lisis internos;<br \/>- Prevenci\u00f3n de fraude;<br \/>- Cumplimiento legal.<\/p><\/blockquote><p style=\"text-align: left\">3. Compartici\u00f3n y almacenamiento<br \/>No compartimos sus datos salvo:<\/p><blockquote><p>- WayForPay (procesamiento de pagos);<br \/>- Autoridades gubernamentales si lo requiere la ley.<\/p><\/blockquote><p style=\"text-align: left\">4. Protecci\u00f3n de datos<br \/>Aplicamos medidas de seguridad como:<\/p><blockquote><p>- Cifrado HTTPS;<br \/>- Bases de datos protegidas por contrase\u00f1a;<br \/>- Acceso restringido.<\/p><\/blockquote><p style=\"text-align: left\">5. Cookies<br \/>Usamos cookies para:<\/p><blockquote><p>- Recordar preferencias de idioma;<br \/>- Estad\u00edsticas de uso;<br \/>- Gesti\u00f3n de sesiones.<\/p><\/blockquote><p style=\"text-align: left\">6. Derechos del usuario<br \/>Usted tiene derecho a:<\/p><blockquote><p>- Acceder a sus datos;<br \/>- Solicitar correcci\u00f3n o eliminaci\u00f3n;<br \/>- Retirar su consentimiento;<br \/>- Presentar una queja ante la autoridad de protecci\u00f3n de datos.<\/p><\/blockquote><p style=\"text-align: left\">7. Contacto<\/p><blockquote><p>Para dudas sobre sus datos, escr\u00edbanos a: support@do.net.ua<\/p><\/blockquote><p style=\"text-align: left\">8. Cambios en la pol\u00edtica<\/p><blockquote><p style=\"text-align: left\">Podemos actualizar esta pol\u00edtica. La versi\u00f3n vigente siempre estar\u00e1 en el Sitio.<\/p><\/blockquote><\/div><\/div>\n        <\/section>\t\t\t\t<\/div>\n\t\t\t\t<\/div>\n\t\t\t\t<\/div>\n\t\t\t\t<\/div>\n\t\t\t\t<\/div>\n\t\t\t\t<\/div>","protected":false},"excerpt":{"rendered":"<p>\u041f\u043e\u043b\u0456\u0442\u0438\u043a\u0430 \u043a\u043e\u043d\u0444\u0456\u0434\u0435\u043d\u0446\u0456\u0439\u043d\u043e\u0441\u0442\u0456 \u0426\u044f \u041f\u043e\u043b\u0456\u0442\u0438\u043a\u0430 \u043a\u043e\u043d\u0444\u0456\u0434\u0435\u043d\u0446\u0456\u0439\u043d\u043e\u0441\u0442\u0456 \u0432\u0438\u0437\u043d\u0430\u0447\u0430\u0454, \u044f\u043a\u0456 \u043f\u0435\u0440\u0441\u043e\u043d\u0430\u043b\u044c\u043d\u0456 \u0434\u0430\u043d\u0456 \u043c\u0438 \u043c\u043e\u0436\u0435\u043c\u043e \u043e\u0442\u0440\u0438\u043c\u0443\u0432\u0430\u0442\u0438, \u0437\u0431\u0435\u0440\u0456\u0433\u0430\u0442\u0438, \u0432\u0438\u043a\u043e\u0440\u0438\u0441\u0442\u043e\u0432\u0443\u0432\u0430\u0442\u0438 \u0442\u0430 \u043e\u0431\u0440\u043e\u0431\u043b\u044f\u0442\u0438 \u0443 \u0437\u0432\u2019\u044f\u0437\u043a\u0443 \u0437 \u0432\u0430\u0448\u0438\u043c \u0432\u0456\u0434\u0432\u0456\u0434\u0443\u0432\u0430\u043d\u043d\u044f\u043c \u0441\u0430\u0439\u0442\u0443 https:\/\/do.net.ua (\u0434\u0430\u043b\u0456 \u2014 \u00ab\u0421\u0430\u0439\u0442\u00bb) \u0442\u0430 \u043a\u043e\u0440\u0438\u0441\u0442\u0443\u0432\u0430\u043d\u043d\u044f\u043c \u043d\u0430\u0448\u0438\u043c\u0438 \u0446\u0438\u0444\u0440\u043e\u0432\u0438\u043c\u0438 \u043f\u0440\u043e\u0434\u0443\u043a\u0442\u0430\u043c\u0438 \u0456 \u043f\u043e\u0441\u043b\u0443\u0433\u0430\u043c\u0438. 1. \u0417\u0431\u0456\u0440 \u0456\u043d\u0444\u043e\u0440\u043c\u0430\u0446\u0456\u0457\u041c\u0438 \u043c\u043e\u0436\u0435\u043c\u043e \u0437\u0431\u0438\u0440\u0430\u0442\u0438 \u043d\u0430\u0441\u0442\u0443\u043f\u043d\u0456 \u0434\u0430\u043d\u0456: &#8211; \u0406\u043c\u2019\u044f \u0442\u0430 \u043f\u0440\u0456\u0437\u0432\u0438\u0449\u0435 (\u044f\u043a\u0449\u043e \u043d\u0430\u0434\u0430\u0454\u0442\u0435 \u043f\u0440\u0438 \u0437\u0430\u043c\u043e\u0432\u043b\u0435\u043d\u043d\u0456)&#8211; Email-\u0430\u0434\u0440\u0435\u0441\u0443&#8211; \u041d\u043e\u043c\u0435\u0440 \u0442\u0435\u043b\u0435\u0444\u043e\u043d\u0443 (\u043e\u043f\u0446\u0456\u043e\u043d\u0430\u043b\u044c\u043d\u043e)&#8211; IP-\u0430\u0434\u0440\u0435\u0441\u0443, \u0456\u043d\u0444\u043e\u0440\u043c\u0430\u0446\u0456\u044e \u043f\u0440\u043e [&hellip;]<\/p>","protected":false},"author":1,"featured_media":0,"parent":0,"menu_order":0,"comment_status":"closed","ping_status":"closed","template":"templates\/page-builder-content.php","meta":{"footnotes":""},"class_list":["post-521","page","type-page","status-publish","hentry"],"_links":{"self":[{"href":"https:\/\/do.net.ua\/es\/wp-json\/wp\/v2\/pages\/521","targetHints":{"allow":["GET"]}}],"collection":[{"href":"https:\/\/do.net.ua\/es\/wp-json\/wp\/v2\/pages"}],"about":[{"href":"https:\/\/do.net.ua\/es\/wp-json\/wp\/v2\/types\/page"}],"author":[{"embeddable":true,"href":"https:\/\/do.net.ua\/es\/wp-json\/wp\/v2\/users\/1"}],"replies":[{"embeddable":true,"href":"https:\/\/do.net.ua\/es\/wp-json\/wp\/v2\/comments?post=521"}],"version-history":[{"count":49,"href":"https:\/\/do.net.ua\/es\/wp-json\/wp\/v2\/pages\/521\/revisions"}],"predecessor-version":[{"id":637,"href":"https:\/\/do.net.ua\/es\/wp-json\/wp\/v2\/pages\/521\/revisions\/637"}],"wp:attachment":[{"href":"https:\/\/do.net.ua\/es\/wp-json\/wp\/v2\/media?parent=521"}],"curies":[{"name":"wp","href":"https:\/\/api.w.org\/{rel}","templated":true}]}}